{"id":20,"date":"2019-09-20T07:50:17","date_gmt":"2019-09-20T07:50:17","guid":{"rendered":"https:\/\/kacdedjashpk.com\/?page_id=20"},"modified":"2019-09-20T14:11:47","modified_gmt":"2019-09-20T14:11:47","slug":"rreth-nesh","status":"publish","type":"page","link":"https:\/\/kacdedjashpk.com\/index.php\/rreth-nesh\/","title":{"rendered":"RRETH NESH"},"content":{"rendered":"<div class=\"wpb-content-wrapper\"><p>[vc_row][vc_column width=&#8221;1\/3&#8243;][vc_single_image image=&#8221;56&#8243; img_size=&#8221;full&#8221; alignment=&#8221;center&#8221; el_class=&#8221;img&#8221;][\/vc_column][vc_column width=&#8221;2\/3&#8243;][vc_custom_heading text=&#8221;Rreth Nesh&#8221; font_container=&#8221;tag:h5|font_size:16|text_align:left|color:%238cbd3a&#8221; google_fonts=&#8221;font_family:Open%20Sans%3A300%2C300italic%2Cregular%2Citalic%2C600%2C600italic%2C700%2C700italic%2C800%2C800italic|font_style:400%20regular%3A400%3Anormal&#8221; el_class=&#8221;tx&#8221;][vc_custom_heading text=&#8221;Lider n\u00eb industrin\u00eb e Nd\u00ebrtimit&#8221; font_container=&#8221;tag:h5|font_size:37|text_align:left|color:%23414241&#8243; google_fonts=&#8221;font_family:Open%20Sans%3A300%2C300italic%2Cregular%2Citalic%2C600%2C600italic%2C700%2C700italic%2C800%2C800italic|font_style:600%20bold%20regular%3A600%3Anormal&#8221;][vc_empty_space][vc_column_text css=&#8221;.vc_custom_1568981349404{padding-right: 50px !important;}&#8221;]<\/p>\n<p style=\"text-align: justify;\"><span style=\"color: #414241;\">Kacdedja shpk, operon n\u00eb fush\u00ebn e nd\u00ebrtimeve civile, nd\u00ebrtim rrug\u00ebsh, pastrim grumbullim i mbetjeve urbane q\u00eb dalin nga prishjet e nd\u00ebrtimit, konsulence, projektime punime duro alumini, mir\u00ebmbajtje dhe zhvillim i dekoreve n\u00eb mjedise urbane, shpime pusesh gjeoinxhinierike, meremetime, mir\u00ebmbjatje t\u00eb ndryshme. Grumbullim, ruajtje, transportim dhe trajtim i mbetjeve inerte, t\u00eb parrezikshme etj. Kompania jon\u00eb posedon Kamiona, Fadroma, Eskavator me zinxhir\u00eb, Autobitumatrice, Rrula, Asfaltoshtruese, Bobcat, Minifadroma etj.<\/span><\/p>\n<p>[\/vc_column_text][vc_empty_space height=&#8221;22px&#8221;][vc_progress_bar values=&#8221;%5B%7B%22label%22%3A%22Nd%C3%ABrtime%20Civile%22%2C%22value%22%3A%2290%22%7D%2C%7B%22label%22%3A%22Import%22%2C%22value%22%3A%2260%22%7D%2C%7B%22label%22%3A%22Export%22%2C%22value%22%3A%2250%22%7D%2C%7B%22label%22%3A%22Tregtim%22%2C%22value%22%3A%2285%22%7D%5D&#8221;][\/vc_column][\/vc_row][vc_row][vc_column][vc_empty_space][\/vc_column][\/vc_row][vc_row][vc_column][vc_custom_heading text=&#8221;Aplikojm\u00eb&#8221; font_container=&#8221;tag:h5|font_size:16|text_align:left|color:%238cbd3a&#8221; google_fonts=&#8221;font_family:Open%20Sans%3A300%2C300italic%2Cregular%2Citalic%2C600%2C600italic%2C700%2C700italic%2C800%2C800italic|font_style:400%20regular%3A400%3Anormal&#8221; el_class=&#8221;tx&#8221;][vc_custom_heading text=&#8221;Gjithmon\u00eb teknologjin\u00eb m\u00eb t\u00eb fundit n\u00eb nd\u00ebrtim&#8221; font_container=&#8221;tag:h5|font_size:30|text_align:left|color:%23414241&#8243; google_fonts=&#8221;font_family:Open%20Sans%3A300%2C300italic%2Cregular%2Citalic%2C600%2C600italic%2C700%2C700italic%2C800%2C800italic|font_style:600%20bold%20regular%3A600%3Anormal&#8221;][vc_empty_space][vc_row_inner gap=&#8221;30&#8243;][vc_column_inner el_class=&#8221;kol&#8221; width=&#8221;1\/3&#8243;][vc_single_image image=&#8221;57&#8243; img_size=&#8221;64X64&#8243; alignment=&#8221;center&#8221; image_hovers=&#8221;false&#8221;][vc_custom_heading text=&#8221;Vizioni Yn\u00eb&#8221; font_container=&#8221;tag:h5|font_size:20|text_align:center|color:%23414241&#8243; google_fonts=&#8221;font_family:Open%20Sans%3A300%2C300italic%2Cregular%2Citalic%2C600%2C600italic%2C700%2C700italic%2C800%2C800italic|font_style:600%20bold%20regular%3A600%3Anormal&#8221;][vc_column_text]<\/p>\n<p style=\"text-align: center;\"><span style=\"color: #414241;\">Vizioni yn\u00eb \u00ebsht\u00eb t\u00eb jemi nj\u00eb kompani lider n\u00eb zhvillimin dhe aplikimin e teknologjive m\u00eb t\u00eb fundit n\u00eb fush\u00ebn e nd\u00ebrtimeve.<\/span><\/p>\n<p>[\/vc_column_text][\/vc_column_inner][vc_column_inner el_class=&#8221;kol&#8221; width=&#8221;1\/3&#8243;][vc_single_image image=&#8221;59&#8243; img_size=&#8221;64X64&#8243; alignment=&#8221;center&#8221; image_hovers=&#8221;false&#8221;][vc_custom_heading text=&#8221;Misioni Yn\u00eb&#8221; font_container=&#8221;tag:h5|font_size:20|text_align:center|color:%23414241&#8243; google_fonts=&#8221;font_family:Open%20Sans%3A300%2C300italic%2Cregular%2Citalic%2C600%2C600italic%2C700%2C700italic%2C800%2C800italic|font_style:600%20bold%20regular%3A600%3Anormal&#8221;][vc_column_text]<\/p>\n<p style=\"text-align: center;\"><span style=\"color: #414241;\">Misioni yn\u00eb \u00ebsht\u00eb t\u00eb p\u00ebrmir\u00ebsojm\u00eb cil\u00ebsin\u00eb e jet\u00ebs s\u00eb njer\u00ebzve duke rritur performanc\u00ebn e nd\u00ebrtesave t\u00eb tyre.<\/span><\/p>\n<p>[\/vc_column_text][\/vc_column_inner][vc_column_inner el_class=&#8221;kol&#8221; width=&#8221;1\/3&#8243;][vc_single_image image=&#8221;58&#8243; img_size=&#8221;64X64&#8243; alignment=&#8221;center&#8221; image_hovers=&#8221;false&#8221;][vc_custom_heading text=&#8221;Arritjet&#8221; font_container=&#8221;tag:h5|font_size:20|text_align:center|color:%23414241&#8243; google_fonts=&#8221;font_family:Open%20Sans%3A300%2C300italic%2Cregular%2Citalic%2C600%2C600italic%2C700%2C700italic%2C800%2C800italic|font_style:600%20bold%20regular%3A600%3Anormal&#8221;][vc_column_text]<\/p>\n<p style=\"text-align: center;\"><span style=\"color: #414241;\">N\u00eb 15 vite eksperienc\u00eb n\u00eb treg arritja jon\u00eb m\u00eb e madhe jan\u00eb klient\u00ebt t\u00eb cil\u00ebt shtohen \u00e7do dit\u00eb e m\u00eb shum\u00eb.<\/span><\/p>\n<p>[\/vc_column_text][\/vc_column_inner][\/vc_row_inner][\/vc_column][\/vc_row][vc_row][vc_column][vc_empty_space][\/vc_column][\/vc_row][vc_row bg_type=&#8221;image&#8221; parallax_style=&#8221;vcpb-default&#8221; bg_image_new=&#8221;id^35|url^https:\/\/kacdedjashpk.com\/wp-content\/uploads\/2019\/09\/slider-2.jpg|caption^null|alt^null|title^null|description^null&#8221; bg_image_repeat=&#8221;no-repeat&#8221; bg_img_attach=&#8221;fixed&#8221; bg_override=&#8221;ex-full&#8221;][vc_column][vc_empty_space][vc_custom_heading text=&#8221;NA KONTAKTONI&#8221; font_container=&#8221;tag:h5|font_size:16|text_align:center|color:%238cbd3a&#8221; google_fonts=&#8221;font_family:Open%20Sans%3A300%2C300italic%2Cregular%2Citalic%2C600%2C600italic%2C700%2C700italic%2C800%2C800italic|font_style:400%20regular%3A400%3Anormal&#8221; el_class=&#8221;tx&#8221;][vc_custom_heading text=&#8221;P\u00ebr T\u00eb Nisur Nj\u00eb Projekt Me Ne&#8221; font_container=&#8221;tag:h2|text_align:center|color:%23414241&#8243; google_fonts=&#8221;font_family:Open%20Sans%3A300%2C300italic%2Cregular%2Citalic%2C600%2C600italic%2C700%2C700italic%2C800%2C800italic|font_style:600%20bold%20regular%3A600%3Anormal&#8221;][vc_empty_space][vc_btn title=&#8221;KONTAKT&#8221; style=&#8221;custom&#8221; custom_background=&#8221;#8cbd3a&#8221; custom_text=&#8221;#ffffff&#8221; shape=&#8221;square&#8221; align=&#8221;center&#8221; link=&#8221;url:https%3A%2F%2Fkacdedjashpk.com%2Findex.php%2Fkontakt%2F|title:KONTAKT||&#8221;][vc_empty_space][\/vc_column][\/vc_row]<\/p>\n<\/div>","protected":false},"excerpt":{"rendered":"<p>[vc_row][vc_column width=&#8221;1\/3&#8243;][vc_single_image image=&#8221;56&#8243; img_size=&#8221;full&#8221; alignment=&#8221;center&#8221; el_class=&#8221;img&#8221;][\/vc_column][vc_column width=&#8221;2\/3&#8243;][vc_custom_heading text=&#8221;Rreth Nesh&#8221; font_container=&#8221;tag:h5|font_size:16|text_align:left|color:%238cbd3a&#8221; google_fonts=&#8221;font_family:Open%20Sans%3A300%2C300italic%2Cregular%2Citalic%2C600%2C600italic%2C700%2C700italic%2C800%2C800italic|font_style:400%20regular%3A400%3Anormal&#8221; el_class=&#8221;tx&#8221;][vc_custom_heading text=&#8221;Lider n\u00eb industrin\u00eb e Nd\u00ebrtimit&#8221; font_container=&#8221;tag:h5|font_size:37|text_align:left|color:%23414241&#8243; google_fonts=&#8221;font_family:Open%20Sans%3A300%2C300italic%2Cregular%2Citalic%2C600%2C600italic%2C700%2C700italic%2C800%2C800italic|font_style:600%20bold%20regular%3A600%3Anormal&#8221;][vc_empty_space][vc_column_text css=&#8221;.vc_custom_1568981349404{padding-right: 50px !important;}&#8221;] Kacdedja shpk, operon n\u00eb fush\u00ebn e nd\u00ebrtimeve civile, nd\u00ebrtim rrug\u00ebsh, pastrim grumbullim i mbetjeve urbane q\u00eb dalin nga prishjet e nd\u00ebrtimit, konsulence, projektime punime duro alumini, mir\u00ebmbajtje dhe zhvillim i dekoreve n\u00eb mjedise&hellip;<\/p>\n","protected":false},"author":2,"featured_media":0,"parent":0,"menu_order":0,"comment_status":"closed","ping_status":"closed","template":"","meta":{"footnotes":""},"class_list":["post-20","page","type-page","status-publish","hentry","description-off"],"_links":{"self":[{"href":"https:\/\/kacdedjashpk.com\/index.php\/wp-json\/wp\/v2\/pages\/20","targetHints":{"allow":["GET"]}}],"collection":[{"href":"https:\/\/kacdedjashpk.com\/index.php\/wp-json\/wp\/v2\/pages"}],"about":[{"href":"https:\/\/kacdedjashpk.com\/index.php\/wp-json\/wp\/v2\/types\/page"}],"author":[{"embeddable":true,"href":"https:\/\/kacdedjashpk.com\/index.php\/wp-json\/wp\/v2\/users\/2"}],"replies":[{"embeddable":true,"href":"https:\/\/kacdedjashpk.com\/index.php\/wp-json\/wp\/v2\/comments?post=20"}],"version-history":[{"count":6,"href":"https:\/\/kacdedjashpk.com\/index.php\/wp-json\/wp\/v2\/pages\/20\/revisions"}],"predecessor-version":[{"id":107,"href":"https:\/\/kacdedjashpk.com\/index.php\/wp-json\/wp\/v2\/pages\/20\/revisions\/107"}],"wp:attachment":[{"href":"https:\/\/kacdedjashpk.com\/index.php\/wp-json\/wp\/v2\/media?parent=20"}],"curies":[{"name":"wp","href":"https:\/\/api.w.org\/{rel}","templated":true}]}}